{"id":6,"date":"2020-08-06T11:09:39","date_gmt":"2020-08-06T11:09:39","guid":{"rendered":"https:\/\/www.dus2030.de\/?page_id=6"},"modified":"2025-07-09T12:46:13","modified_gmt":"2025-07-09T12:46:13","slug":"das-neue-museum-oeffnet-seine-tueren-2","status":"publish","type":"page","link":"https:\/\/www.dus2030.de\/","title":{"rendered":"Am  14. September 2025 ist Kommunalwahl in D\u00fcsseldorf !"},"content":{"rendered":"<div class=\" hurrytimer-campaign hurryt-loading hurrytimer-campaign-165\" data-config=\"{&quot;id&quot;:165,&quot;run_in_background&quot;:false,&quot;sticky&quot;:false,&quot;product_ids&quot;:[],&quot;actions&quot;:[{&quot;id&quot;:2,&quot;redirectUrl&quot;:&quot;&quot;,&quot;message&quot;:&quot;&quot;,&quot;coupon&quot;:&quot;&quot;,&quot;wcStockStatus&quot;:&quot;instock&quot;}],&quot;template&quot;:&quot;&lt;div class=\\&quot;hurrytimer-timer-block \\&quot;&gt;&lt;div class=\\&quot;hurrytimer-timer-digit \\&quot;&gt;%m&lt;\\\/div&gt;&lt;div class=\\&quot;hurrytimer-timer-label \\&quot; &gt;Monate&lt;\\\/div&gt;&lt;\\\/div&gt;&lt;div class=\\&quot; hurrytimer-timer-sep\\&quot;&gt;:&lt;\\\/div&gt;&lt;div class=\\&quot;hurrytimer-timer-block \\&quot;&gt;&lt;div class=\\&quot;hurrytimer-timer-digit \\&quot;&gt;%n&lt;\\\/div&gt;&lt;div class=\\&quot;hurrytimer-timer-label \\&quot; &gt;Tage&lt;\\\/div&gt;&lt;\\\/div&gt;&lt;div class=\\&quot; hurrytimer-timer-sep\\&quot;&gt;:&lt;\\\/div&gt;&lt;div class=\\&quot;hurrytimer-timer-block \\&quot;&gt;&lt;div class=\\&quot;hurrytimer-timer-digit \\&quot;&gt;%H&lt;\\\/div&gt;&lt;div class=\\&quot;hurrytimer-timer-label \\&quot; &gt;Stunden&lt;\\\/div&gt;&lt;\\\/div&gt;&quot;,&quot;methods&quot;:[1,2],&quot;mode&quot;:&quot;one_time&quot;,&quot;sticky_bar_hide_timeout&quot;:7,&quot;recurr&quot;:false,&quot;timeToNextRecurrence&quot;:0,&quot;isRegular&quot;:true,&quot;endDate&quot;:1757872800000}\" ><div class=\" hurrytimer-headline\">noch<\/div><div class=\" hurrytimer-timer\"><\/div><\/div>\n\n\n\n<div class=\"wp-block-columns alignwide is-layout-flex wp-container-core-columns-is-layout-9d6595d7 wp-block-columns-is-layout-flex\">\n<div class=\"wp-block-column is-layout-flow wp-block-column-is-layout-flow\">\n<div class=\"wp-block-group\"><div class=\"wp-block-group__inner-container is-layout-flow wp-block-group-is-layout-flow\">\n<figure class=\"wp-block-image alignfull size-large\"><a href=\"https:\/\/www.dus2030.de\/index.php\/listenkandidaten\/\"><img loading=\"lazy\" decoding=\"async\" width=\"320\" height=\"227\" src=\"https:\/\/www.dus2030.de\/wp-content\/uploads\/2020\/08\/2020KW-wei\u00df-quer.jpg\" alt=\"\" class=\"wp-image-34\" srcset=\"https:\/\/www.dus2030.de\/wp-content\/uploads\/2020\/08\/2020KW-wei\u00df-quer.jpg 320w, https:\/\/www.dus2030.de\/wp-content\/uploads\/2020\/08\/2020KW-wei\u00df-quer-300x213.jpg 300w\" sizes=\"auto, (max-width: 320px) 100vw, 320px\" \/><\/a><\/figure>\n\n\n\n<p><\/p>\n\n\n\n<div class=\"wp-block-button is-style-outline is-style-outline--1\"><a class=\"wp-block-button__link wp-element-button\">Weiterlesen<\/a><\/div>\n<\/div><\/div>\n\n\n\n<div class=\"wp-block-group\"><div class=\"wp-block-group__inner-container is-layout-flow wp-block-group-is-layout-flow\">\n<figure class=\"wp-block-image alignfull size-large\"><a href=\"https:\/\/www.dus2030.de\/index.php\/piraten-vor-ort\/\"><img loading=\"lazy\" decoding=\"async\" width=\"320\" height=\"227\" src=\"https:\/\/www.dus2030.de\/wp-content\/uploads\/2020\/08\/2020KW-orange-quer.jpg\" alt=\"\" class=\"wp-image-33\" srcset=\"https:\/\/www.dus2030.de\/wp-content\/uploads\/2020\/08\/2020KW-orange-quer.jpg 320w, https:\/\/www.dus2030.de\/wp-content\/uploads\/2020\/08\/2020KW-orange-quer-300x213.jpg 300w\" sizes=\"auto, (max-width: 320px) 100vw, 320px\" \/><\/a><\/figure>\n\n\n\n<p><\/p>\n\n\n\n<div class=\"wp-block-button is-style-outline is-style-outline--2\"><a class=\"wp-block-button__link wp-element-button\">Weiterlesen<\/a><\/div>\n<\/div><\/div>\n\n\n\n<p><\/p>\n<\/div>\n\n\n\n<div class=\"wp-block-column is-layout-flow wp-block-column-is-layout-flow\">\n<div class=\"wp-block-group\"><div class=\"wp-block-group__inner-container is-layout-flow wp-block-group-is-layout-flow\">\n<figure class=\"wp-block-image alignfull size-large\"><a href=\"https:\/\/www.dus2030.de\/index.php\/unsere-ziele\/\"><img loading=\"lazy\" decoding=\"async\" width=\"320\" height=\"227\" src=\"https:\/\/www.dus2030.de\/wp-content\/uploads\/2020\/08\/2020KW-orange-quer.jpg\" alt=\"\" class=\"wp-image-33\" srcset=\"https:\/\/www.dus2030.de\/wp-content\/uploads\/2020\/08\/2020KW-orange-quer.jpg 320w, https:\/\/www.dus2030.de\/wp-content\/uploads\/2020\/08\/2020KW-orange-quer-300x213.jpg 300w\" sizes=\"auto, (max-width: 320px) 100vw, 320px\" \/><\/a><\/figure>\n\n\n\n<p><\/p>\n\n\n\n<div class=\"wp-block-button is-style-outline is-style-outline--3\"><a class=\"wp-block-button__link wp-element-button\">Weiterlesen<\/a><\/div>\n<\/div><\/div>\n\n\n\n<div class=\"wp-block-group\"><div class=\"wp-block-group__inner-container is-layout-flow wp-block-group-is-layout-flow\">\n<figure class=\"wp-block-image alignfull size-large\"><img loading=\"lazy\" decoding=\"async\" width=\"320\" height=\"227\" src=\"https:\/\/www.dus2030.de\/wp-content\/uploads\/2020\/08\/2020KW-wei\u00df-quer.jpg\" alt=\"\" class=\"wp-image-34\" srcset=\"https:\/\/www.dus2030.de\/wp-content\/uploads\/2020\/08\/2020KW-wei\u00df-quer.jpg 320w, https:\/\/www.dus2030.de\/wp-content\/uploads\/2020\/08\/2020KW-wei\u00df-quer-300x213.jpg 300w\" sizes=\"auto, (max-width: 320px) 100vw, 320px\" \/><\/figure>\n\n\n\n<p><\/p>\n\n\n\n<div class=\"wp-block-button is-style-outline is-style-outline--4\"><a class=\"wp-block-button__link wp-element-button\">Weiterlesen<\/a><\/div>\n<\/div><\/div>\n<\/div>\n<\/div>\n\n\n\n<div class=\"wp-block-group alignwide\"><div class=\"wp-block-group__inner-container is-layout-flow wp-block-group-is-layout-flow\">\n<h2 class=\"wp-block-heading has-text-align-center\">Die erste Adresse f\u00fcr <\/h2>\n\n\n\n<h2 class=\"wp-block-heading has-text-align-center\">* B\u00fcrgerbeteiligung <br>* Digitale Kompetenz<br>* B\u00fcrgern\u00e4he<br>sei ein Teil vom Team !<\/h2>\n<\/div><\/div>\n\n\n\n<div class=\"wp-block-group alignwide\"><div class=\"wp-block-group__inner-container is-layout-flow wp-block-group-is-layout-flow\"><\/div><\/div>\n\n\n\n<p><\/p>\n\n\n\n<figure class=\"wp-block-gallery alignwide has-nested-images columns-default is-cropped wp-block-gallery-5 is-layout-flex wp-block-gallery-is-layout-flex\"><\/figure>\n\n\n\n<div class=\"wp-block-group alignwide has-background\" style=\"background-color:#ffffff\"><div class=\"wp-block-group__inner-container is-layout-flow wp-block-group-is-layout-flow\">\n<div class=\"wp-block-group\"><div class=\"wp-block-group__inner-container is-layout-flow wp-block-group-is-layout-flow\">\n<h2 class=\"wp-block-heading has-text-align-center\">Du willst &#8222;AKTIV&#8220; dich an der Ver\u00e4nderung deiner Stadt beteiligen!<\/h2>\n\n\n\n<p class=\"has-text-align-center\">Die Mitgliedschaft beginnt ab 12 \u20ac und wird j\u00e4hrlich abgerechnet.<\/p>\n\n\n\n<div class=\"wp-block-button aligncenter\"><a class=\"wp-block-button__link wp-element-button\">MITMACHEN<\/a><\/div>\n<\/div><\/div>\n<\/div><\/div>\n\n\n\n<p><\/p>\n","protected":false},"excerpt":{"rendered":"<p>Die erste Adresse f\u00fcr * B\u00fcrgerbeteiligung * Digitale Kompetenz* B\u00fcrgern\u00e4hesei ein Teil vom Team ! Du willst &#8222;AKTIV&#8220; dich an der Ver\u00e4nderung deiner Stadt beteiligen! Die Mitgliedschaft beginnt ab 12 \u20ac und wird j\u00e4hrlich abgerechnet.<\/p>\n","protected":false},"author":1,"featured_media":0,"parent":0,"menu_order":0,"comment_status":"closed","ping_status":"closed","template":"","meta":{"footnotes":""},"class_list":["post-6","page","type-page","status-publish","hentry"],"_links":{"self":[{"href":"https:\/\/www.dus2030.de\/index.php\/wp-json\/wp\/v2\/pages\/6","targetHints":{"allow":["GET"]}}],"collection":[{"href":"https:\/\/www.dus2030.de\/index.php\/wp-json\/wp\/v2\/pages"}],"about":[{"href":"https:\/\/www.dus2030.de\/index.php\/wp-json\/wp\/v2\/types\/page"}],"author":[{"embeddable":true,"href":"https:\/\/www.dus2030.de\/index.php\/wp-json\/wp\/v2\/users\/1"}],"replies":[{"embeddable":true,"href":"https:\/\/www.dus2030.de\/index.php\/wp-json\/wp\/v2\/comments?post=6"}],"version-history":[{"count":27,"href":"https:\/\/www.dus2030.de\/index.php\/wp-json\/wp\/v2\/pages\/6\/revisions"}],"predecessor-version":[{"id":179,"href":"https:\/\/www.dus2030.de\/index.php\/wp-json\/wp\/v2\/pages\/6\/revisions\/179"}],"wp:attachment":[{"href":"https:\/\/www.dus2030.de\/index.php\/wp-json\/wp\/v2\/media?parent=6"}],"curies":[{"name":"wp","href":"https:\/\/api.w.org\/{rel}","templated":true}]}}