{"id":72,"date":"2020-08-28T08:57:16","date_gmt":"2020-08-28T08:57:16","guid":{"rendered":"https:\/\/www.dus2030.de\/?page_id=72"},"modified":"2020-08-28T08:57:16","modified_gmt":"2020-08-28T08:57:16","slug":"unsere-ziele","status":"publish","type":"page","link":"https:\/\/www.dus2030.de\/index.php\/unsere-ziele\/","title":{"rendered":"Unsere Ziele"},"content":{"rendered":"\n<p>D\u00fcsseldorf erfordert Weitblick, daher stehen wir PIRATEN mit unseren Zielen f\u00fcr eine Realisierung bis zum Jahr 2030!<\/p>\n\n\n\n<h2 class=\"wp-block-heading\"><strong>D<\/strong>igital<\/h2>\n\n\n\n<ul class=\"wp-block-list\"><li>Aufbau einer Glasfaserverkabelung in D\u00fcsseldorfer Hand<\/li><\/ul>\n\n\n\n<ul class=\"wp-block-list\"><li>Digitalisierung der Stadt &amp; Verwaltung vorantreiben<\/li><\/ul>\n\n\n\n<ul class=\"wp-block-list\"><li>Digitaler Unterricht in allen weiterf\u00fchrenden Schulen<\/li><\/ul>\n\n\n\n<ul class=\"wp-block-list\"><li>WLAN f\u00fcr alle \u2013 stadtweit <\/li><\/ul>\n\n\n\n<ul class=\"wp-block-list\"><li>D\u00fcsseldorfer Daten in D\u00fcsseldorfer Rechenzentren<\/li><\/ul>\n\n\n\n<ul class=\"wp-block-list\"><li>Mehr kommunale Daten \u00f6ffentlich und transparent<\/li><\/ul>\n\n\n\n<ul class=\"wp-block-list\"><li>VHS &#8211; DIGITAL&nbsp;&nbsp;&nbsp;<\/li><\/ul>\n\n\n\n<h2 class=\"wp-block-heading\">Umfeld<\/h2>\n\n\n\n<ul class=\"wp-block-list\"><li>Grundst\u00fccke nicht verticken, selber entwickeln<\/li><\/ul>\n\n\n\n<ul class=\"wp-block-list\"><li>Zweckgebundene Verwendung der Gewinne der Stadtt\u00f6chter <\/li><\/ul>\n\n\n\n<ul class=\"wp-block-list\"><li>Kaufhaus der Kommunen f\u00fcr alle \u00f6ffentlichen Stellen<\/li><\/ul>\n\n\n\n<ul class=\"wp-block-list\"><li>Stadteigene Sharingeconomy zur Nachhaltigkeitsf\u00f6rderung<\/li><\/ul>\n\n\n\n<ul class=\"wp-block-list\"><li>B\u00fcrgernahe Reorganisation von Jugendarbeit, Seniorenhilfe und des Sportwesens<\/li><\/ul>\n\n\n\n<h2 class=\"wp-block-heading\"><strong>S<\/strong>ozial<\/h2>\n\n\n\n<ul class=\"wp-block-list\"><li>Wohnraum bezahlbar und f\u00fcr alle: Stadtweiter Immobilienfonds \u2013 D\u00fcsseldorfer WOHNEN<\/li><\/ul>\n\n\n\n<ul class=\"wp-block-list\"><li>Migration st\u00e4rkt D\u00fcsseldorf \u2013 D\u00fcsseldorf kanns besser!<\/li><\/ul>\n\n\n\n<ul class=\"wp-block-list\"><li>Jugendkonzepte nach Bedarf der Generationen<\/li><\/ul>\n\n\n\n<ul class=\"wp-block-list\"><li>Humane Arbeitslosenf\u00f6rderung<\/li><\/ul>\n\n\n\n<ul class=\"wp-block-list\"><li>Fahrscheinfreier \u00d6PNV&nbsp;<\/li><\/ul>\n\n\n\n<ul class=\"wp-block-list\"><li>Keinen Menschen zur\u00fccklassen<\/li><\/ul>\n\n\n\n<ul class=\"wp-block-list\"><li>D\u00fcsseldorf muss f\u00fcr alle Menschen da sein<\/li><\/ul>\n\n\n\n<p><\/p>\n\n\n\n<p><\/p>\n","protected":false},"excerpt":{"rendered":"<p>D\u00fcsseldorf erfordert Weitblick, daher stehen wir PIRATEN mit unseren Zielen f\u00fcr eine Realisierung bis zum Jahr 2030! Digital Aufbau einer Glasfaserverkabelung in D\u00fcsseldorfer Hand Digitalisierung der Stadt &amp; Verwaltung vorantreiben Digitaler Unterricht in allen weiterf\u00fchrenden Schulen WLAN f\u00fcr alle \u2013 stadtweit D\u00fcsseldorfer Daten in D\u00fcsseldorfer Rechenzentren Mehr kommunale Daten \u00f6ffentlich und transparent VHS &#8211; DIGITAL&nbsp;&nbsp;&nbsp; [&hellip;]<\/p>\n","protected":false},"author":1,"featured_media":0,"parent":0,"menu_order":0,"comment_status":"closed","ping_status":"closed","template":"","meta":{"footnotes":""},"class_list":["post-72","page","type-page","status-publish","hentry"],"_links":{"self":[{"href":"https:\/\/www.dus2030.de\/index.php\/wp-json\/wp\/v2\/pages\/72","targetHints":{"allow":["GET"]}}],"collection":[{"href":"https:\/\/www.dus2030.de\/index.php\/wp-json\/wp\/v2\/pages"}],"about":[{"href":"https:\/\/www.dus2030.de\/index.php\/wp-json\/wp\/v2\/types\/page"}],"author":[{"embeddable":true,"href":"https:\/\/www.dus2030.de\/index.php\/wp-json\/wp\/v2\/users\/1"}],"replies":[{"embeddable":true,"href":"https:\/\/www.dus2030.de\/index.php\/wp-json\/wp\/v2\/comments?post=72"}],"version-history":[{"count":1,"href":"https:\/\/www.dus2030.de\/index.php\/wp-json\/wp\/v2\/pages\/72\/revisions"}],"predecessor-version":[{"id":73,"href":"https:\/\/www.dus2030.de\/index.php\/wp-json\/wp\/v2\/pages\/72\/revisions\/73"}],"wp:attachment":[{"href":"https:\/\/www.dus2030.de\/index.php\/wp-json\/wp\/v2\/media?parent=72"}],"curies":[{"name":"wp","href":"https:\/\/api.w.org\/{rel}","templated":true}]}}